{"id":33,"date":"2020-05-18T16:52:48","date_gmt":"2020-05-18T14:52:48","guid":{"rendered":"http:\/\/laninger.de\/praxis\/?page_id=33"},"modified":"2025-09-14T21:59:02","modified_gmt":"2025-09-14T19:59:02","slug":"startseite-psychotherapeutischer-heilpraktiker","status":"publish","type":"page","link":"https:\/\/laninger.de\/en\/","title":{"rendered":""},"content":{"rendered":"<div class=\"wp-block-group\"><div class=\"wp-block-group__inner-container is-layout-flow wp-block-group-is-layout-flow\">\n<p>Facing mortality is not easy, but it is profound and all-encompassing. When the familiar structures of our lives fall away, who we truly are is revealed. Our deepest, most original humanity comes to light. To accompany you on this path, to help you find healing and comfort even in the face of death and loss, is my offer to you. <br><\/p>\n<\/div><\/div>\n\n\n\n<p class=\"has-text-color\" style=\"color:#457896;font-size:12px\"><br>Cover photo: Schleswig-Holstein Wadden Sea between the North Sea islands of F\u00f6hr and Amrum with the Wyker Dampfschiffs-Reederei ferry<\/p>","protected":false},"excerpt":{"rendered":"<p>Der Sterblichkeit zu begegnen ist nicht leicht, aber tiefgreifend, allumfassend. Fallen die bekannten Strukturen unseres Lebens von uns ab, zeigt sich, wer wir wirklich sind. Unsere tiefste urspr\u00fcnglichste Menschlichkeit kommt zum Vorschein. Sie bei diesem Weg zu begleiten, Ihnen dabei zu helfen Heilung und Trost auch angesichts von Tod und Verlust zu finden, ist mein &hellip; <\/p>\n<p class=\"link-more\"><a href=\"https:\/\/laninger.de\/en\/\" class=\"more-link\">Continue reading<span class=\"screen-reader-text\"> &#8222;&#8220;<\/span><\/a><\/p>","protected":false},"author":1,"featured_media":0,"parent":0,"menu_order":0,"comment_status":"closed","ping_status":"closed","template":"","meta":{"footnotes":""},"yoast_head":"<!-- This site is optimized with the Yoast SEO plugin v15.8 - https:\/\/yoast.com\/wordpress\/plugins\/seo\/ -->\n<title>- Thorsten Cobarrubia Laninger<\/title>\n<meta name=\"description\" content=\"Beratung und Begleitung im Sterbe- und Trauerprozess (Deathwalker\/Soul-Centric Deathcare) Integration au\u00dfergew\u00f6hnlicher Bewusstseinszust\u00e4nde - Beratung bei Suchtproblemen - Peer Support &amp; Harm Reduction - Psychotherapeutische Begleitung in \u00dcbergangsphasen und Krisen - Hilfe bei der Bew\u00e4ltigung von Unruhe, Angst und Panik - Entspannungsverfahren, Reiki - Vermittlung von Hilfsangeboten, f\u00fcr Betroffene und Angeh\u00f6rige.\" \/>\n<meta name=\"robots\" content=\"index, follow, max-snippet:-1, max-image-preview:large, max-video-preview:-1\" \/>\n<link rel=\"canonical\" href=\"https:\/\/laninger.de\/en\/\" \/>\n<meta property=\"og:locale\" content=\"en_US\" \/>\n<meta property=\"og:type\" content=\"article\" \/>\n<meta property=\"og:title\" content=\"- Thorsten Cobarrubia Laninger\" \/>\n<meta property=\"og:description\" content=\"Beratung und Begleitung im Sterbe- und Trauerprozess (Deathwalker\/Soul-Centric Deathcare) Integration au\u00dfergew\u00f6hnlicher Bewusstseinszust\u00e4nde - Beratung bei Suchtproblemen - Peer Support &amp; Harm Reduction - Psychotherapeutische Begleitung in \u00dcbergangsphasen und Krisen - Hilfe bei der Bew\u00e4ltigung von Unruhe, Angst und Panik - Entspannungsverfahren, Reiki - Vermittlung von Hilfsangeboten, f\u00fcr Betroffene und Angeh\u00f6rige.\" \/>\n<meta property=\"og:url\" content=\"https:\/\/laninger.de\/en\/\" \/>\n<meta property=\"og:site_name\" content=\"Thorsten Cobarrubia Laninger\" \/>\n<meta property=\"article:modified_time\" content=\"2025-09-14T19:59:02+00:00\" \/>\n<meta name=\"twitter:card\" content=\"summary_large_image\" \/>\n<meta name=\"twitter:label1\" content=\"Est. reading time\">\n\t<meta name=\"twitter:data1\" content=\"1 minute\">\n<script type=\"application\/ld+json\" class=\"yoast-schema-graph\">{\"@context\":\"https:\/\/schema.org\",\"@graph\":[{\"@type\":[\"Person\",\"Organization\"],\"@id\":\"https:\/\/laninger.de\/#\/schema\/person\/57203553f248fe381ba7c58b5c467434\",\"name\":\"TLaninger\",\"image\":{\"@type\":\"ImageObject\",\"@id\":\"https:\/\/laninger.de\/#personlogo\",\"inLanguage\":\"en-US\",\"url\":\"https:\/\/secure.gravatar.com\/avatar\/333b43c6ee650a9878e3a92b0834ab28?s=96&d=mm&r=g\",\"caption\":\"TLaninger\"},\"logo\":{\"@id\":\"https:\/\/laninger.de\/#personlogo\"},\"sameAs\":[\"http:\/\/laninger.de\/praxis\"]},{\"@type\":\"WebSite\",\"@id\":\"https:\/\/laninger.de\/#website\",\"url\":\"https:\/\/laninger.de\/\",\"name\":\"Thorsten Laninger - Psychotherapeutischer Heilpraktiker\",\"description\":\"Pflegefachmann + Psychotherapeutischer Heilpraktiker - Berlin\",\"publisher\":{\"@id\":\"https:\/\/laninger.de\/#\/schema\/person\/57203553f248fe381ba7c58b5c467434\"},\"potentialAction\":[{\"@type\":\"SearchAction\",\"target\":\"https:\/\/laninger.de\/?s={search_term_string}\",\"query-input\":\"required name=search_term_string\"}],\"inLanguage\":\"en-US\"},{\"@type\":\"WebPage\",\"@id\":\"https:\/\/laninger.de\/#webpage\",\"url\":\"https:\/\/laninger.de\/\",\"name\":\"- Thorsten Cobarrubia Laninger\",\"isPartOf\":{\"@id\":\"https:\/\/laninger.de\/#website\"},\"datePublished\":\"2020-05-18T14:52:48+00:00\",\"dateModified\":\"2025-09-14T19:59:02+00:00\",\"description\":\"Beratung und Begleitung im Sterbe- und Trauerprozess (Deathwalker\/Soul-Centric Deathcare) Integration au\\u00dfergew\\u00f6hnlicher Bewusstseinszust\\u00e4nde - Beratung bei Suchtproblemen - Peer Support & Harm Reduction - Psychotherapeutische Begleitung in \\u00dcbergangsphasen und Krisen - Hilfe bei der Bew\\u00e4ltigung von Unruhe, Angst und Panik - Entspannungsverfahren, Reiki - Vermittlung von Hilfsangeboten, f\\u00fcr Betroffene und Angeh\\u00f6rige.\",\"breadcrumb\":{\"@id\":\"https:\/\/laninger.de\/#breadcrumb\"},\"inLanguage\":\"en-US\",\"potentialAction\":[{\"@type\":\"ReadAction\",\"target\":[\"https:\/\/laninger.de\/\"]}]},{\"@type\":\"BreadcrumbList\",\"@id\":\"https:\/\/laninger.de\/#breadcrumb\",\"itemListElement\":[{\"@type\":\"ListItem\",\"position\":1,\"item\":{\"@type\":\"WebPage\",\"@id\":\"https:\/\/laninger.de\/\",\"url\":\"https:\/\/laninger.de\/\",\"name\":\"Startseite\"}},{\"@type\":\"ListItem\",\"position\":2,\"item\":{\"@type\":\"WebPage\",\"@id\":\"https:\/\/laninger.de\/\",\"url\":\"https:\/\/laninger.de\/\",\"name\":\"- Thorsten Cobarrubia Laninger\"}}]}]}<\/script>\n<!-- \/ Yoast SEO plugin. -->","_links":{"self":[{"href":"https:\/\/laninger.de\/en\/wp-json\/wp\/v2\/pages\/33"}],"collection":[{"href":"https:\/\/laninger.de\/en\/wp-json\/wp\/v2\/pages"}],"about":[{"href":"https:\/\/laninger.de\/en\/wp-json\/wp\/v2\/types\/page"}],"author":[{"embeddable":true,"href":"https:\/\/laninger.de\/en\/wp-json\/wp\/v2\/users\/1"}],"replies":[{"embeddable":true,"href":"https:\/\/laninger.de\/en\/wp-json\/wp\/v2\/comments?post=33"}],"version-history":[{"count":39,"href":"https:\/\/laninger.de\/en\/wp-json\/wp\/v2\/pages\/33\/revisions"}],"predecessor-version":[{"id":634,"href":"https:\/\/laninger.de\/en\/wp-json\/wp\/v2\/pages\/33\/revisions\/634"}],"wp:attachment":[{"href":"https:\/\/laninger.de\/en\/wp-json\/wp\/v2\/media?parent=33"}],"curies":[{"name":"wp","href":"https:\/\/api.w.org\/{rel}","templated":true}]}}