{"id":52,"date":"2020-05-18T20:38:22","date_gmt":"2020-05-18T18:38:22","guid":{"rendered":"http:\/\/laninger.de\/praxis\/?page_id=52"},"modified":"2023-08-24T09:30:36","modified_gmt":"2023-08-24T07:30:36","slug":"notfall","status":"publish","type":"page","link":"https:\/\/laninger.de\/en\/notfall\/","title":{"rendered":"Emergency"},"content":{"rendered":"<p><strong>If there is an acute risk of suicide: <\/strong>Dial <strong>112<\/strong> (ambulance service) or the <strong>110<\/strong> (Police).<\/p>\n\n\n\n<p>In the event of a mental crisis, contact the <strong>Berlin crisis service for Pankow: (030) 390 63 40<\/strong> at night from midnight to 8 a.m. and on weekends and public holidays from 8 a.m. to 4 p.m.: <strong>(030) 390 63 10.<\/strong><br><a rel=\"noreferrer noopener\" href=\"https:\/\/www.berliner-krisendienst.de\/ich-brauche-hilfe\/pankow\/\" target=\"_blank\">https:\/\/www.berliner-krisendienst.de\/ich-brauche-hilfe\/pankow\/<\/a><br><br>You can also reach the <strong>Telephone counseling Berlin <\/strong> on the toll-free number\u00a0<strong>0 800 111 0 111<\/strong>. The telephone counseling is open to all problems and to all callers in their respective situation, regardless of religious or political views, origin or gender &#8211; toll-free, anonymous and 24\/7.<br><a href=\"https:\/\/www.telefonseelsorge-berlin.de\/\" target=\"_blank\" rel=\"noreferrer noopener\">https:\/\/www.telefonseelsorge-berlin.de\/<\/a><\/p>\n\n\n\n<p><\/p>","protected":false},"excerpt":{"rendered":"<p>Bei akuter Selbstmordgefahr: W\u00e4hlen Sie die 112 (Rettungsdienst) oder die 110 (Polizei). Bei psychischen Krisen wenden Sie sich t\u00e4glich von 16 bis 24 Uhr an den Berliner Krisendienst f\u00fcr Pankow: (030) 390 63 40 bzw. nachts von 24 bis 8 Uhr sowie an Wochenenden und Feiertagen von 8 bis 16 Uhr: (030) 390 63 10.https:\/\/www.berliner-krisendienst.de\/ich-brauche-hilfe\/pankow\/ &hellip; <\/p>\n<p class=\"link-more\"><a href=\"https:\/\/laninger.de\/en\/notfall\/\" class=\"more-link\">Continue reading<span class=\"screen-reader-text\"> &#8222;Im Notfall&#8220;<\/span><\/a><\/p>","protected":false},"author":1,"featured_media":0,"parent":0,"menu_order":0,"comment_status":"closed","ping_status":"closed","template":"","meta":{"footnotes":""},"yoast_head":"<!-- This site is optimized with the Yoast SEO plugin v15.8 - https:\/\/yoast.com\/wordpress\/plugins\/seo\/ -->\n<title>Im Notfall - Thorsten Cobarrubia Laninger<\/title>\n<meta name=\"robots\" content=\"index, follow, max-snippet:-1, max-image-preview:large, max-video-preview:-1\" \/>\n<link rel=\"canonical\" href=\"https:\/\/laninger.de\/en\/notfall\/\" \/>\n<meta property=\"og:locale\" content=\"en_US\" \/>\n<meta property=\"og:type\" content=\"article\" \/>\n<meta property=\"og:title\" content=\"Im Notfall - Thorsten Cobarrubia Laninger\" \/>\n<meta property=\"og:description\" content=\"Bei akuter Selbstmordgefahr: W\u00e4hlen Sie die 112 (Rettungsdienst) oder die 110 (Polizei). Bei psychischen Krisen wenden Sie sich t\u00e4glich von 16 bis 24 Uhr an den Berliner Krisendienst f\u00fcr Pankow: (030) 390 63 40 bzw. nachts von 24 bis 8 Uhr sowie an Wochenenden und Feiertagen von 8 bis 16 Uhr: (030) 390 63 10.https:\/\/www.berliner-krisendienst.de\/ich-brauche-hilfe\/pankow\/ &hellip; Continue reading &quot;Im Notfall&quot;\" \/>\n<meta property=\"og:url\" content=\"https:\/\/laninger.de\/en\/notfall\/\" \/>\n<meta property=\"og:site_name\" content=\"Thorsten Cobarrubia Laninger\" \/>\n<meta property=\"article:modified_time\" content=\"2023-08-24T07:30:36+00:00\" \/>\n<meta name=\"twitter:card\" content=\"summary_large_image\" \/>\n<meta name=\"twitter:label1\" content=\"Est. reading time\">\n\t<meta name=\"twitter:data1\" content=\"1 minute\">\n<script type=\"application\/ld+json\" class=\"yoast-schema-graph\">{\"@context\":\"https:\/\/schema.org\",\"@graph\":[{\"@type\":[\"Person\",\"Organization\"],\"@id\":\"https:\/\/laninger.de\/#\/schema\/person\/57203553f248fe381ba7c58b5c467434\",\"name\":\"TLaninger\",\"image\":{\"@type\":\"ImageObject\",\"@id\":\"https:\/\/laninger.de\/#personlogo\",\"inLanguage\":\"en-US\",\"url\":\"https:\/\/secure.gravatar.com\/avatar\/333b43c6ee650a9878e3a92b0834ab28?s=96&d=mm&r=g\",\"caption\":\"TLaninger\"},\"logo\":{\"@id\":\"https:\/\/laninger.de\/#personlogo\"},\"sameAs\":[\"http:\/\/laninger.de\/praxis\"]},{\"@type\":\"WebSite\",\"@id\":\"https:\/\/laninger.de\/#website\",\"url\":\"https:\/\/laninger.de\/\",\"name\":\"Thorsten Laninger - Psychotherapeutischer Heilpraktiker\",\"description\":\"Pflegefachmann + Psychotherapeutischer Heilpraktiker - Berlin\",\"publisher\":{\"@id\":\"https:\/\/laninger.de\/#\/schema\/person\/57203553f248fe381ba7c58b5c467434\"},\"potentialAction\":[{\"@type\":\"SearchAction\",\"target\":\"https:\/\/laninger.de\/?s={search_term_string}\",\"query-input\":\"required name=search_term_string\"}],\"inLanguage\":\"en-US\"},{\"@type\":\"WebPage\",\"@id\":\"https:\/\/laninger.de\/notfall\/#webpage\",\"url\":\"https:\/\/laninger.de\/notfall\/\",\"name\":\"Im Notfall - Thorsten Cobarrubia Laninger\",\"isPartOf\":{\"@id\":\"https:\/\/laninger.de\/#website\"},\"datePublished\":\"2020-05-18T18:38:22+00:00\",\"dateModified\":\"2023-08-24T07:30:36+00:00\",\"breadcrumb\":{\"@id\":\"https:\/\/laninger.de\/notfall\/#breadcrumb\"},\"inLanguage\":\"en-US\",\"potentialAction\":[{\"@type\":\"ReadAction\",\"target\":[\"https:\/\/laninger.de\/notfall\/\"]}]},{\"@type\":\"BreadcrumbList\",\"@id\":\"https:\/\/laninger.de\/notfall\/#breadcrumb\",\"itemListElement\":[{\"@type\":\"ListItem\",\"position\":1,\"item\":{\"@type\":\"WebPage\",\"@id\":\"https:\/\/laninger.de\/\",\"url\":\"https:\/\/laninger.de\/\",\"name\":\"Startseite\"}},{\"@type\":\"ListItem\",\"position\":2,\"item\":{\"@type\":\"WebPage\",\"@id\":\"https:\/\/laninger.de\/notfall\/\",\"url\":\"https:\/\/laninger.de\/notfall\/\",\"name\":\"Im Notfall\"}}]}]}<\/script>\n<!-- \/ Yoast SEO plugin. -->","_links":{"self":[{"href":"https:\/\/laninger.de\/en\/wp-json\/wp\/v2\/pages\/52"}],"collection":[{"href":"https:\/\/laninger.de\/en\/wp-json\/wp\/v2\/pages"}],"about":[{"href":"https:\/\/laninger.de\/en\/wp-json\/wp\/v2\/types\/page"}],"author":[{"embeddable":true,"href":"https:\/\/laninger.de\/en\/wp-json\/wp\/v2\/users\/1"}],"replies":[{"embeddable":true,"href":"https:\/\/laninger.de\/en\/wp-json\/wp\/v2\/comments?post=52"}],"version-history":[{"count":13,"href":"https:\/\/laninger.de\/en\/wp-json\/wp\/v2\/pages\/52\/revisions"}],"predecessor-version":[{"id":596,"href":"https:\/\/laninger.de\/en\/wp-json\/wp\/v2\/pages\/52\/revisions\/596"}],"wp:attachment":[{"href":"https:\/\/laninger.de\/en\/wp-json\/wp\/v2\/media?parent=52"}],"curies":[{"name":"wp","href":"https:\/\/api.w.org\/{rel}","templated":true}]}}